{"id":13520,"date":"2025-01-28T15:51:03","date_gmt":"2025-01-28T14:51:03","guid":{"rendered":"https:\/\/www.hotelbeverlyparkblanes.com\/?page_id=13520"},"modified":"2025-09-04T12:18:03","modified_gmt":"2025-09-04T10:18:03","slug":"conditions-generales-utilisation","status":"publish","type":"page","link":"https:\/\/www.hotelbeverlyparkblanes.com\/fr\/conditions-generales-utilisation\/","title":{"rendered":"Conditions G\u00e9n\u00e9rales d\u2019Utilisation"},"content":{"rendered":"<div class=\"fusion-fullwidth fullwidth-box fusion-builder-row-1 fusion-flex-container has-pattern-background has-mask-background nonhundred-percent-fullwidth non-hundred-percent-height-scrolling\" style=\"--awb-border-radius-top-left:0px;--awb-border-radius-top-right:0px;--awb-border-radius-bottom-right:0px;--awb-border-radius-bottom-left:0px;--awb-flex-wrap:wrap;\" ><div class=\"fusion-builder-row fusion-row fusion-flex-align-items-flex-start fusion-flex-content-wrap\" style=\"max-width:1248px;margin-left: calc(-4% \/ 2 );margin-right: calc(-4% \/ 2 );\"><div class=\"fusion-layout-column fusion_builder_column fusion-builder-column-0 fusion_builder_column_1_1 1_1 fusion-flex-column\" style=\"--awb-bg-size:cover;--awb-width-large:100%;--awb-margin-top-large:0px;--awb-spacing-right-large:1.92%;--awb-margin-bottom-large:20px;--awb-spacing-left-large:1.92%;--awb-width-medium:100%;--awb-order-medium:0;--awb-spacing-right-medium:1.92%;--awb-spacing-left-medium:1.92%;--awb-width-small:100%;--awb-order-small:0;--awb-spacing-right-small:1.92%;--awb-spacing-left-small:1.92%;\"><div class=\"fusion-column-wrapper fusion-column-has-shadow fusion-flex-justify-content-flex-start fusion-content-layout-column\"><div class=\"fusion-text fusion-text-1\"><h1 data-start=\"207\" data-end=\"257\">CONDITIONS G\u00c9N\u00c9RALES D\u2019UTILISATION DU SITE WEB<\/h1>\n<p data-start=\"259\" data-end=\"769\">Les pr\u00e9sentes Conditions G\u00e9n\u00e9rales d\u2019Utilisation, ainsi que la Politique de Confidentialit\u00e9, r\u00e9gissent l\u2019usage conform\u00e9ment \u00e0 la loi 34\/2002, mise \u00e0 jour le 09\/05\/2023, relative aux Services de la Soci\u00e9t\u00e9 de l\u2019Information et au Commerce \u00c9lectronique, du site Internet : <strong data-start=\"529\" data-end=\"575\"><a class=\"decorated-link\" href=\"https:\/\/www.hotelbeverlyparkblanes.com\/fr\/?utm_source=chatgpt.com\" target=\"_new\" rel=\"noopener\" data-start=\"531\" data-end=\"573\">https:\/\/www.hotelbeverlyparkblanes.com\/fr\/<\/a><\/strong>, dont le propri\u00e9taire est <strong data-start=\"602\" data-end=\"619\">SUNERIS, S.A.<\/strong>, NIF : B-A17109091, ci-apr\u00e8s d\u00e9nomm\u00e9 <strong data-start=\"657\" data-end=\"679\">HOTEL BEVERLY PARK<\/strong>, domicili\u00e9 au <strong data-start=\"694\" data-end=\"766\">PASSEIG MARITIM S\u2019ABANELL, 8, CP : 17300, Blanes, Province de G\u00e9rone<\/strong>.<\/p>\n<hr data-start=\"771\" data-end=\"774\" \/>\n<h2 data-start=\"776\" data-end=\"812\">1. INFORMATIONS SUR LE SITE WEB<\/h2>\n<p data-start=\"814\" data-end=\"1074\">Par le biais de son site Internet <strong data-start=\"848\" data-end=\"894\"><a class=\"decorated-link\" href=\"https:\/\/www.hotelbeverlyparkblanes.com\/fr\/?utm_source=chatgpt.com\" target=\"_new\" rel=\"noopener\" data-start=\"850\" data-end=\"892\">https:\/\/www.hotelbeverlyparkblanes.com\/fr\/<\/a><\/strong>, dont il est propri\u00e9taire et administrateur, <strong data-start=\"940\" data-end=\"962\">HOTEL BEVERLY PARK<\/strong> propose la r\u00e9servation en ligne des s\u00e9jours ainsi que des services offerts dans notre \u00e9tablissement h\u00f4telier.<\/p>\n<h3 data-start=\"1076\" data-end=\"1112\">1.1. PUBLICIT\u00c9 SUR LE SITE WEB<\/h3>\n<p data-start=\"1114\" data-end=\"1531\">Le site Internet <strong data-start=\"1131\" data-end=\"1177\"><a class=\"decorated-link\" href=\"https:\/\/www.hotelbeverlyparkblanes.com\/fr\/?utm_source=chatgpt.com\" target=\"_new\" rel=\"noopener\" data-start=\"1133\" data-end=\"1175\">https:\/\/www.hotelbeverlyparkblanes.com\/fr\/<\/a><\/strong> peut contenir des contenus publicitaires ou sponsoris\u00e9s. Les annonceurs ou sponsors sont seuls responsables du respect de la l\u00e9gislation applicable aux contenus transmis en vue de leur inclusion sur le site. <strong data-start=\"1386\" data-end=\"1408\">HOTEL BEVERLY PARK<\/strong> ne saurait \u00eatre tenu responsable de toute erreur, inexactitude ou irr\u00e9gularit\u00e9 que pourraient contenir lesdits contenus.<\/p>\n<hr data-start=\"1533\" data-end=\"1536\" \/>\n<h2 data-start=\"1538\" data-end=\"1575\">2. ACC\u00c8S AUX AVIS D\u2019UTILISATEURS<\/h2>\n<p data-start=\"1577\" data-end=\"1787\">Conform\u00e9ment au D\u00e9cret L\u00e9gislatif Royal 24\/2021 du 2 novembre, modifiant le texte refondu de la Loi g\u00e9n\u00e9rale pour la d\u00e9fense des consommateurs et des usagers, approuv\u00e9e par le D\u00e9cret L\u00e9gislatif Royal 1\/2007 :<\/p>\n<p data-start=\"1789\" data-end=\"2184\">L\u2019article 20.4 dispose que les pratiques commerciales permettant l\u2019acc\u00e8s aux avis des consommateurs et usagers sur les biens et services doivent pr\u00e9ciser si l\u2019entreprise garantit ou non que ces avis proviennent de consommateurs ayant r\u00e9ellement acquis ou utilis\u00e9 le bien ou service. \u00c0 cette fin, l\u2019entreprise doit fournir aux consommateurs une information claire sur le traitement de ces avis.<\/p>\n<p data-start=\"2186\" data-end=\"2424\">Les UTILISATEURS peuvent r\u00e9diger des avis sur l\u2019activit\u00e9 et les services du site via un formulaire pr\u00e9vu \u00e0 cet effet. En acceptant la Politique de Confidentialit\u00e9, ils consentent au partage de leurs donn\u00e9es et de leur image personnelle.<\/p>\n<p data-start=\"2426\" data-end=\"2606\">Le contenu publi\u00e9, incluant le nom et la photo de profil, peut \u00e9galement appara\u00eetre sur des sites tiers utilisant les widgets int\u00e9gr\u00e9s de Google ou l\u2019API de Google Maps Platform.<\/p>\n<p data-start=\"2608\" data-end=\"2734\">Si vous ne souhaitez pas partager votre exp\u00e9rience, vos images, vid\u00e9os ou localisation, veuillez ne pas utiliser ce service.<\/p>\n<hr data-start=\"2736\" data-end=\"2739\" \/>\n<h2 data-start=\"2741\" data-end=\"2774\">3. DISPONIBILIT\u00c9 DU SITE WEB<\/h2>\n<p data-start=\"2776\" data-end=\"3065\">L\u2019administrateur du site s\u2019efforce de r\u00e9pondre aux demandes et questions des utilisateurs dans les meilleurs d\u00e9lais. Toutefois, certaines circonstances \u00e9chappant \u00e0 son contr\u00f4le (erreurs humaines, probl\u00e8mes informatiques) peuvent entra\u00eener des retards dans le traitement des r\u00e9servations.<\/p>\n<p data-start=\"3067\" data-end=\"3292\">En cas d\u2019indisponibilit\u00e9 ou d\u2019impossibilit\u00e9 de finaliser une r\u00e9servation, apr\u00e8s l\u2019avoir enregistr\u00e9e via le formulaire, l\u2019utilisateur sera inform\u00e9 par courrier \u00e9lectronique de l\u2019annulation, et devra recommencer la proc\u00e9dure.<\/p>\n<hr data-start=\"3294\" data-end=\"3297\" \/>\n<h2 data-start=\"3299\" data-end=\"3327\">4. S\u00c9CURIT\u00c9 DU SITE WEB<\/h2>\n<p data-start=\"3329\" data-end=\"3674\">Le site <strong data-start=\"3337\" data-end=\"3383\"><a class=\"decorated-link\" href=\"https:\/\/www.hotelbeverlyparkblanes.com\/fr\/?utm_source=chatgpt.com\" target=\"_new\" rel=\"noopener\" data-start=\"3339\" data-end=\"3381\">https:\/\/www.hotelbeverlyparkblanes.com\/fr\/<\/a><\/strong> met en \u0153uvre les mesures de s\u00e9curit\u00e9 les plus avanc\u00e9es du secteur. La transmission des donn\u00e9es s\u2019effectue via une connexion s\u00e9curis\u00e9e chiffr\u00e9e (128 \u00e0 256 bits) gr\u00e2ce aux protocoles SSL\/TLS, garantissant confidentialit\u00e9 et int\u00e9grit\u00e9 des communications et emp\u00eachant tout acc\u00e8s non autoris\u00e9.<\/p>\n<p data-start=\"3676\" data-end=\"3703\">Ces protocoles assurent :<\/p>\n<ol data-start=\"3705\" data-end=\"3963\">\n<li data-start=\"3705\" data-end=\"3830\">\n<p data-start=\"3708\" data-end=\"3830\">Que l\u2019utilisateur transmet ses donn\u00e9es directement au serveur de l\u2019administrateur du site, et non \u00e0 un tiers usurpateur.<\/p>\n<\/li>\n<li data-start=\"3831\" data-end=\"3963\">\n<p data-start=\"3834\" data-end=\"3963\">Que les donn\u00e9es \u00e9chang\u00e9es entre l\u2019utilisateur et le serveur sont chiffr\u00e9es, \u00e9vitant leur lecture ou manipulation par des tiers.<\/p>\n<\/li>\n<\/ol>\n<hr data-start=\"3965\" data-end=\"3968\" \/>\n<h2 data-start=\"3970\" data-end=\"4010\">5. ACC\u00c8S ET UTILISATION DU SITE WEB<\/h2>\n<p data-start=\"4012\" data-end=\"4149\">Les utilisateurs sont enti\u00e8rement responsables de leur conduite lorsqu\u2019ils naviguent ou acc\u00e8dent au site, y compris apr\u00e8s consultation.<\/p>\n<p data-start=\"4151\" data-end=\"4178\">Ils r\u00e9pondent notamment :<\/p>\n<ul data-start=\"4180\" data-end=\"4402\">\n<li data-start=\"4180\" data-end=\"4284\">\n<p data-start=\"4182\" data-end=\"4284\">De toute utilisation illicite des contenus du site, qu\u2019ils soient ou non cr\u00e9\u00e9s par l\u2019administrateur.<\/p>\n<\/li>\n<li data-start=\"4285\" data-end=\"4402\">\n<p data-start=\"4287\" data-end=\"4402\">De toute action portant atteinte aux droits de tiers, susceptible d\u2019endommager ou de rendre inutilisable le site.<\/p>\n<\/li>\n<\/ul>\n<p data-start=\"4404\" data-end=\"4614\">L\u2019administrateur se r\u00e9serve le droit de mettre \u00e0 jour, limiter ou supprimer les contenus, ainsi que de refuser temporairement ou d\u00e9finitivement l\u2019acc\u00e8s au site aux utilisateurs en cas de mauvaise utilisation.<\/p>\n<p data-start=\"4616\" data-end=\"4666\">L\u2019administrateur informe qu\u2019il ne garantit pas :<\/p>\n<p data-start=\"4668\" data-end=\"5019\">a) Que l\u2019acc\u00e8s au site et\/ou aux sites li\u00e9s soit ininterrompu et exempt d\u2019erreurs.<br data-start=\"4750\" data-end=\"4753\" \/>b) Que le contenu ou les logiciels accessibles via le site ou les sites li\u00e9s soient exempts d\u2019erreurs, de virus ou d\u2019\u00e9l\u00e9ments susceptibles d\u2019alt\u00e9rer le syst\u00e8me de l\u2019utilisateur.<br data-start=\"4930\" data-end=\"4933\" \/>c) L\u2019utilisation ad\u00e9quate des informations ou contenus du site par les utilisateurs.<\/p>\n<hr data-start=\"5021\" data-end=\"5024\" \/>\n<h2 data-start=\"5026\" data-end=\"5075\">6. MODIFICATION DES CONDITIONS D\u2019UTILISATION<\/h2>\n<p data-start=\"5077\" data-end=\"5273\">L\u2019administrateur du site se r\u00e9serve le droit de modifier \u00e0 tout moment la pr\u00e9sentation, la configuration et les pr\u00e9sentes conditions. Les utilisateurs sont invit\u00e9s \u00e0 les consulter r\u00e9guli\u00e8rement.<\/p>\n<hr data-start=\"5275\" data-end=\"5278\" \/>\n<h2 data-start=\"5280\" data-end=\"5302\">7. RESPONSABILIT\u00c9<\/h2>\n<p data-start=\"5304\" data-end=\"5368\">L\u2019administrateur ne saurait \u00eatre tenu responsable, notamment :<\/p>\n<ol data-start=\"5370\" data-end=\"5747\">\n<li data-start=\"5370\" data-end=\"5472\">\n<p data-start=\"5373\" data-end=\"5472\">De toute utilisation du site contraire aux droits de propri\u00e9t\u00e9 intellectuelle et\/ou industrielle.<\/p>\n<\/li>\n<li data-start=\"5473\" data-end=\"5577\">\n<p data-start=\"5476\" data-end=\"5577\">Des \u00e9ventuels dommages li\u00e9s \u00e0 un dysfonctionnement des outils de recherche ou d\u2019acc\u00e8s aux contenus.<\/p>\n<\/li>\n<li data-start=\"5578\" data-end=\"5659\">\n<p data-start=\"5581\" data-end=\"5659\">Des contenus des sites tiers accessibles via des liens pr\u00e9sents sur le site.<\/p>\n<\/li>\n<li data-start=\"5660\" data-end=\"5747\">\n<p data-start=\"5663\" data-end=\"5747\">De l\u2019acc\u00e8s de mineurs (moins de 16 ans) aux contenus, sans autorisation parentale.<\/p>\n<\/li>\n<\/ol>\n<p data-start=\"5749\" data-end=\"5921\">L\u2019administrateur ne sera en aucun cas responsable des erreurs ou retards li\u00e9s \u00e0 Internet, aux cas fortuits ou de force majeure, ni des anomalies \u00e9chappant \u00e0 sa bonne foi.<\/p>\n<hr data-start=\"5923\" data-end=\"5926\" \/>\n<h2 data-start=\"5928\" data-end=\"5976\">8. PROPRI\u00c9T\u00c9 INTELLECTUELLE ET INDUSTRIELLE<\/h2>\n<p data-start=\"5978\" data-end=\"6230\">L\u2019ensemble des contenus, du design et du code source du site est prot\u00e9g\u00e9 par la l\u00e9gislation espagnole et internationale relative \u00e0 la propri\u00e9t\u00e9 intellectuelle et industrielle (RDL 1\/1996 du 12 avril, mis \u00e0 jour le 30\/03\/2022 ; Directive UE 2019\/790).<\/p>\n<p data-start=\"6232\" data-end=\"6359\">Toute reproduction, adaptation, modification, distribution ou utilisation sans autorisation \u00e9crite est strictement interdite.<\/p>\n<p data-start=\"6361\" data-end=\"6613\">L\u2019administrateur informe qu\u2019il ne conc\u00e8de aucune licence ni autorisation implicite relative aux droits de propri\u00e9t\u00e9 intellectuelle et\/ou industrielle ou \u00e0 toute autre propri\u00e9t\u00e9 li\u00e9e aux contenus du site <strong data-start=\"6564\" data-end=\"6610\"><a class=\"decorated-link\" href=\"https:\/\/www.hotelbeverlyparkblanes.com\/fr\/?utm_source=chatgpt.com\" target=\"_new\" rel=\"noopener\" data-start=\"6566\" data-end=\"6608\">https:\/\/www.hotelbeverlyparkblanes.com\/fr\/<\/a><\/strong>.<\/p>\n<p data-start=\"6615\" data-end=\"6746\">L\u2019utilisation des contenus du domaine web est autoris\u00e9e uniquement \u00e0 des fins informatives, sous r\u00e9serve de mentionner la source.<\/p>\n<hr data-start=\"6748\" data-end=\"6751\" \/>\n<h2 data-start=\"6753\" data-end=\"6778\">9. NULLIT\u00c9 PARTIELLE<\/h2>\n<p data-start=\"6780\" data-end=\"6867\">La nullit\u00e9 \u00e9ventuelle d\u2019une clause n\u2019affecte pas la validit\u00e9 des autres dispositions.<\/p>\n<hr data-start=\"6869\" data-end=\"6872\" \/>\n<h2 data-start=\"6874\" data-end=\"6922\">10. LOI APPLICABLE ET R\u00c8GLEMENT DES LITIGES<\/h2>\n<p data-start=\"6924\" data-end=\"7092\">Les pr\u00e9sentes conditions sont r\u00e9gies par la l\u00e9gislation espagnole. Tout litige rel\u00e8ve de la comp\u00e9tence des tribunaux de <strong data-start=\"7044\" data-end=\"7054\">Blanes<\/strong>, sauf disposition l\u00e9gale contraire.<\/p>\n<p data-start=\"7094\" data-end=\"7250\">Conform\u00e9ment \u00e0 la Loi 7\/2017 et au R\u00e8glement (UE) 524\/2013, les utilisateurs peuvent acc\u00e9der \u00e0 la plateforme europ\u00e9enne de r\u00e8glement en ligne des litiges.<\/p>\n<hr data-start=\"7252\" data-end=\"7255\" \/>\n<h2 data-start=\"7257\" data-end=\"7294\">11. POLITIQUE DE CONFIDENTIALIT\u00c9<\/h2>\n<p data-start=\"7296\" data-end=\"7362\">Les utilisateurs s\u2019engagent \u00e0 naviguer sur le site de bonne foi.<\/p>\n<p data-start=\"7364\" data-end=\"7664\">Conform\u00e9ment au RGPD (UE 2016\/679), \u00e0 la LOPDGDD 3\/2018 et \u00e0 la LSSI 34\/2002, l\u2019envoi de formulaires ou de courriels via le site <strong data-start=\"7493\" data-end=\"7539\"><a class=\"decorated-link\" href=\"https:\/\/www.hotelbeverlyparkblanes.com\/fr\/?utm_source=chatgpt.com\" target=\"_new\" rel=\"noopener\" data-start=\"7495\" data-end=\"7537\">https:\/\/www.hotelbeverlyparkblanes.com\/fr\/<\/a><\/strong> implique l\u2019acceptation de la Politique de Confidentialit\u00e9 et autorise l\u2019administrateur \u00e0 traiter les donn\u00e9es personnelles.<\/p>\n<p data-start=\"7666\" data-end=\"7943\">Les utilisateurs disposent des droits d\u2019acc\u00e8s, de rectification, d\u2019opposition, de suppression, de limitation et de portabilit\u00e9, \u00e0 exercer par \u00e9crit aupr\u00e8s de l\u2019administrateur du site ou par courriel \u00e0 <strong data-start=\"7867\" data-end=\"7905\"><a class=\"decorated-link cursor-pointer\" rel=\"noopener\" data-start=\"7869\" data-end=\"7903\">beverly@hotelbeverlyparkblanes.com<\/a><\/strong>, avec copie d\u2019une pi\u00e8ce d\u2019identit\u00e9.<\/p>\n<p data-start=\"7945\" data-end=\"8055\">En cas de litige, une r\u00e9clamation peut \u00eatre adress\u00e9e \u00e0 l\u2019autorit\u00e9 de contr\u00f4le comp\u00e9tente (AEPD, ACPD, AVPD).<\/p>\n<\/div><\/div><\/div><\/div><\/div>\n","protected":false},"excerpt":{"rendered":"","protected":false},"author":1,"featured_media":0,"parent":0,"menu_order":0,"comment_status":"closed","ping_status":"closed","template":"","meta":{"footnotes":""},"class_list":["post-13520","page","type-page","status-publish","hentry"],"yoast_head":"<!-- This site is optimized with the Yoast SEO plugin v26.9 - https:\/\/yoast.com\/product\/yoast-seo-wordpress\/ -->\n<title>Conditions G\u00e9n\u00e9rales d\u2019Utilisation - Hotel &amp; Spa Beverly Park<\/title>\n<meta name=\"description\" content=\"Consultez les conditions g\u00e9n\u00e9rales d\u2019utilisation et la politique de confidentialit\u00e9 du site officiel de l\u2019H\u00f4tel Beverly Park Blanes.\" \/>\n<meta name=\"robots\" content=\"index, follow, max-snippet:-1, max-image-preview:large, max-video-preview:-1\" \/>\n<link rel=\"canonical\" href=\"https:\/\/www.hotelbeverlyparkblanes.com\/fr\/conditions-generales-utilisation\/\" \/>\n<meta property=\"og:locale\" content=\"fr_FR\" \/>\n<meta property=\"og:type\" content=\"article\" \/>\n<meta property=\"og:title\" content=\"Conditions G\u00e9n\u00e9rales d\u2019Utilisation - Hotel &amp; Spa Beverly Park\" \/>\n<meta property=\"og:description\" content=\"Consultez les conditions g\u00e9n\u00e9rales d\u2019utilisation et la politique de confidentialit\u00e9 du site officiel de l\u2019H\u00f4tel Beverly Park Blanes.\" \/>\n<meta property=\"og:url\" content=\"https:\/\/www.hotelbeverlyparkblanes.com\/fr\/conditions-generales-utilisation\/\" \/>\n<meta property=\"og:site_name\" content=\"Hotel &amp; Spa Beverly Park\" \/>\n<meta property=\"article:modified_time\" content=\"2025-09-04T10:18:03+00:00\" \/>\n<meta name=\"twitter:card\" content=\"summary_large_image\" \/>\n<meta name=\"twitter:label1\" content=\"Dur\u00e9e de lecture estim\u00e9e\" \/>\n\t<meta name=\"twitter:data1\" content=\"5 minutes\" \/>\n<script type=\"application\/ld+json\" class=\"yoast-schema-graph\">{\"@context\":\"https:\/\/schema.org\",\"@graph\":[{\"@type\":\"WebPage\",\"@id\":\"https:\/\/www.hotelbeverlyparkblanes.com\/fr\/conditions-generales-utilisation\/\",\"url\":\"https:\/\/www.hotelbeverlyparkblanes.com\/fr\/conditions-generales-utilisation\/\",\"name\":\"Conditions G\u00e9n\u00e9rales d\u2019Utilisation - Hotel &amp; Spa Beverly Park\",\"isPartOf\":{\"@id\":\"https:\/\/www.hotelbeverlyparkblanes.com\/fr\/#website\"},\"datePublished\":\"2025-01-28T14:51:03+00:00\",\"dateModified\":\"2025-09-04T10:18:03+00:00\",\"description\":\"Consultez les conditions g\u00e9n\u00e9rales d\u2019utilisation et la politique de confidentialit\u00e9 du site officiel de l\u2019H\u00f4tel Beverly Park Blanes.\",\"breadcrumb\":{\"@id\":\"https:\/\/www.hotelbeverlyparkblanes.com\/fr\/conditions-generales-utilisation\/#breadcrumb\"},\"inLanguage\":\"fr-FR\",\"potentialAction\":[{\"@type\":\"ReadAction\",\"target\":[\"https:\/\/www.hotelbeverlyparkblanes.com\/fr\/conditions-generales-utilisation\/\"]}]},{\"@type\":\"BreadcrumbList\",\"@id\":\"https:\/\/www.hotelbeverlyparkblanes.com\/fr\/conditions-generales-utilisation\/#breadcrumb\",\"itemListElement\":[{\"@type\":\"ListItem\",\"position\":1,\"name\":\"Portada\",\"item\":\"https:\/\/www.hotelbeverlyparkblanes.com\/fr\/\"},{\"@type\":\"ListItem\",\"position\":2,\"name\":\"Conditions G\u00e9n\u00e9rales d\u2019Utilisation\"}]},{\"@type\":\"WebSite\",\"@id\":\"https:\/\/www.hotelbeverlyparkblanes.com\/fr\/#website\",\"url\":\"https:\/\/www.hotelbeverlyparkblanes.com\/fr\/\",\"name\":\"Hotel &amp; Spa Beverly Park\",\"description\":\"Hotel &amp; Spa Blanes\",\"publisher\":{\"@id\":\"https:\/\/www.hotelbeverlyparkblanes.com\/fr\/#organization\"},\"potentialAction\":[{\"@type\":\"SearchAction\",\"target\":{\"@type\":\"EntryPoint\",\"urlTemplate\":\"https:\/\/www.hotelbeverlyparkblanes.com\/fr\/?s={search_term_string}\"},\"query-input\":{\"@type\":\"PropertyValueSpecification\",\"valueRequired\":true,\"valueName\":\"search_term_string\"}}],\"inLanguage\":\"fr-FR\"},{\"@type\":\"Organization\",\"@id\":\"https:\/\/www.hotelbeverlyparkblanes.com\/fr\/#organization\",\"name\":\"Hotel &amp; Spa Beverly Park\",\"url\":\"https:\/\/www.hotelbeverlyparkblanes.com\/fr\/\",\"logo\":{\"@type\":\"ImageObject\",\"inLanguage\":\"fr-FR\",\"@id\":\"https:\/\/www.hotelbeverlyparkblanes.com\/fr\/#\/schema\/logo\/image\/\",\"url\":\"https:\/\/www.hotelbeverlyparkblanes.com\/wp-content\/uploads\/2022\/12\/logo-beverly-6.png\",\"contentUrl\":\"https:\/\/www.hotelbeverlyparkblanes.com\/wp-content\/uploads\/2022\/12\/logo-beverly-6.png\",\"width\":120,\"height\":41,\"caption\":\"Hotel &amp; Spa Beverly Park\"},\"image\":{\"@id\":\"https:\/\/www.hotelbeverlyparkblanes.com\/fr\/#\/schema\/logo\/image\/\"}}]}<\/script>\n<!-- \/ Yoast SEO plugin. -->","yoast_head_json":{"title":"Conditions G\u00e9n\u00e9rales d\u2019Utilisation - Hotel &amp; Spa Beverly Park","description":"Consultez les conditions g\u00e9n\u00e9rales d\u2019utilisation et la politique de confidentialit\u00e9 du site officiel de l\u2019H\u00f4tel Beverly Park Blanes.","robots":{"index":"index","follow":"follow","max-snippet":"max-snippet:-1","max-image-preview":"max-image-preview:large","max-video-preview":"max-video-preview:-1"},"canonical":"https:\/\/www.hotelbeverlyparkblanes.com\/fr\/conditions-generales-utilisation\/","og_locale":"fr_FR","og_type":"article","og_title":"Conditions G\u00e9n\u00e9rales d\u2019Utilisation - Hotel &amp; Spa Beverly Park","og_description":"Consultez les conditions g\u00e9n\u00e9rales d\u2019utilisation et la politique de confidentialit\u00e9 du site officiel de l\u2019H\u00f4tel Beverly Park Blanes.","og_url":"https:\/\/www.hotelbeverlyparkblanes.com\/fr\/conditions-generales-utilisation\/","og_site_name":"Hotel &amp; Spa Beverly Park","article_modified_time":"2025-09-04T10:18:03+00:00","twitter_card":"summary_large_image","twitter_misc":{"Dur\u00e9e de lecture estim\u00e9e":"5 minutes"},"schema":{"@context":"https:\/\/schema.org","@graph":[{"@type":"WebPage","@id":"https:\/\/www.hotelbeverlyparkblanes.com\/fr\/conditions-generales-utilisation\/","url":"https:\/\/www.hotelbeverlyparkblanes.com\/fr\/conditions-generales-utilisation\/","name":"Conditions G\u00e9n\u00e9rales d\u2019Utilisation - Hotel &amp; Spa Beverly Park","isPartOf":{"@id":"https:\/\/www.hotelbeverlyparkblanes.com\/fr\/#website"},"datePublished":"2025-01-28T14:51:03+00:00","dateModified":"2025-09-04T10:18:03+00:00","description":"Consultez les conditions g\u00e9n\u00e9rales d\u2019utilisation et la politique de confidentialit\u00e9 du site officiel de l\u2019H\u00f4tel Beverly Park Blanes.","breadcrumb":{"@id":"https:\/\/www.hotelbeverlyparkblanes.com\/fr\/conditions-generales-utilisation\/#breadcrumb"},"inLanguage":"fr-FR","potentialAction":[{"@type":"ReadAction","target":["https:\/\/www.hotelbeverlyparkblanes.com\/fr\/conditions-generales-utilisation\/"]}]},{"@type":"BreadcrumbList","@id":"https:\/\/www.hotelbeverlyparkblanes.com\/fr\/conditions-generales-utilisation\/#breadcrumb","itemListElement":[{"@type":"ListItem","position":1,"name":"Portada","item":"https:\/\/www.hotelbeverlyparkblanes.com\/fr\/"},{"@type":"ListItem","position":2,"name":"Conditions G\u00e9n\u00e9rales d\u2019Utilisation"}]},{"@type":"WebSite","@id":"https:\/\/www.hotelbeverlyparkblanes.com\/fr\/#website","url":"https:\/\/www.hotelbeverlyparkblanes.com\/fr\/","name":"Hotel &amp; Spa Beverly Park","description":"Hotel &amp; Spa Blanes","publisher":{"@id":"https:\/\/www.hotelbeverlyparkblanes.com\/fr\/#organization"},"potentialAction":[{"@type":"SearchAction","target":{"@type":"EntryPoint","urlTemplate":"https:\/\/www.hotelbeverlyparkblanes.com\/fr\/?s={search_term_string}"},"query-input":{"@type":"PropertyValueSpecification","valueRequired":true,"valueName":"search_term_string"}}],"inLanguage":"fr-FR"},{"@type":"Organization","@id":"https:\/\/www.hotelbeverlyparkblanes.com\/fr\/#organization","name":"Hotel &amp; Spa Beverly Park","url":"https:\/\/www.hotelbeverlyparkblanes.com\/fr\/","logo":{"@type":"ImageObject","inLanguage":"fr-FR","@id":"https:\/\/www.hotelbeverlyparkblanes.com\/fr\/#\/schema\/logo\/image\/","url":"https:\/\/www.hotelbeverlyparkblanes.com\/wp-content\/uploads\/2022\/12\/logo-beverly-6.png","contentUrl":"https:\/\/www.hotelbeverlyparkblanes.com\/wp-content\/uploads\/2022\/12\/logo-beverly-6.png","width":120,"height":41,"caption":"Hotel &amp; Spa Beverly Park"},"image":{"@id":"https:\/\/www.hotelbeverlyparkblanes.com\/fr\/#\/schema\/logo\/image\/"}}]}},"_links":{"self":[{"href":"https:\/\/www.hotelbeverlyparkblanes.com\/fr\/wp-json\/wp\/v2\/pages\/13520","targetHints":{"allow":["GET"]}}],"collection":[{"href":"https:\/\/www.hotelbeverlyparkblanes.com\/fr\/wp-json\/wp\/v2\/pages"}],"about":[{"href":"https:\/\/www.hotelbeverlyparkblanes.com\/fr\/wp-json\/wp\/v2\/types\/page"}],"author":[{"embeddable":true,"href":"https:\/\/www.hotelbeverlyparkblanes.com\/fr\/wp-json\/wp\/v2\/users\/1"}],"replies":[{"embeddable":true,"href":"https:\/\/www.hotelbeverlyparkblanes.com\/fr\/wp-json\/wp\/v2\/comments?post=13520"}],"version-history":[{"count":0,"href":"https:\/\/www.hotelbeverlyparkblanes.com\/fr\/wp-json\/wp\/v2\/pages\/13520\/revisions"}],"wp:attachment":[{"href":"https:\/\/www.hotelbeverlyparkblanes.com\/fr\/wp-json\/wp\/v2\/media?parent=13520"}],"curies":[{"name":"wp","href":"https:\/\/api.w.org\/{rel}","templated":true}]}}