{"id":4150,"date":"2023-02-12T16:37:32","date_gmt":"2023-02-12T15:37:32","guid":{"rendered":"https:\/\/www.hotelbeverlyparkblanes.com\/beverlly-park-apartments\/"},"modified":"2023-10-04T17:50:10","modified_gmt":"2023-10-04T17:50:10","slug":"beverly-park-appartements","status":"publish","type":"page","link":"https:\/\/www.hotelbeverlyparkblanes.com\/fr\/beverly-park-appartements\/","title":{"rendered":"Beverly Park Appartements"},"content":{"rendered":"<p><div class=\"fusion-fullwidth fullwidth-box fusion-builder-row-1 fusion-flex-container has-pattern-background has-mask-background nonhundred-percent-fullwidth non-hundred-percent-height-scrolling\" style=\"--awb-background-position:center top;--awb-border-sizes-top:0px;--awb-border-sizes-bottom:0px;--awb-border-sizes-left:0px;--awb-border-sizes-right:0px;--awb-border-radius-top-left:0px;--awb-border-radius-top-right:0px;--awb-border-radius-bottom-right:0px;--awb-border-radius-bottom-left:0px;--awb-padding-top:32px;--awb-padding-bottom-medium:48px;--awb-padding-bottom-small:48px;--awb-flex-wrap:wrap;\" ><div class=\"fusion-builder-row fusion-row fusion-flex-align-items-flex-start fusion-flex-content-wrap\" style=\"max-width:1248px;margin-left: calc(-4% \/ 2 );margin-right: calc(-4% \/ 2 );\"><div class=\"fusion-layout-column fusion_builder_column fusion-builder-column-0 fusion_builder_column_1_3 1_3 fusion-flex-column fusion-flex-align-self-center fusion-column-no-min-height\" style=\"--awb-bg-blend:overlay;--awb-bg-size:cover;--awb-width-large:33.333333333333%;--awb-margin-top-large:0px;--awb-spacing-right-large:3.84%;--awb-margin-bottom-large:0px;--awb-spacing-left-large:5.76%;--awb-width-medium:100%;--awb-order-medium:0;--awb-spacing-right-medium:1.92%;--awb-spacing-left-medium:1.92%;--awb-width-small:100%;--awb-order-small:0;--awb-spacing-right-small:1.92%;--awb-spacing-left-small:1.92%;\"><div class=\"fusion-column-wrapper fusion-column-has-shadow fusion-flex-justify-content-center fusion-content-layout-column\"><div class=\"fusion-title title fusion-title-1 fusion-title-center fusion-title-text fusion-title-size-three\" style=\"--awb-margin-bottom-small:15px;--awb-font-size:46px;\"><div class=\"title-sep-container title-sep-container-left\"><div class=\"title-sep sep- sep-solid\" style=\"border-color:var(--awb-color3);\"><\/div><\/div><span class=\"awb-title-spacer\"><\/span><h3 class=\"fusion-title-heading title-heading-center fusion-responsive-typography-calculated\" style=\"margin:0;font-size:1em;--fontSize:46;line-height:var(--awb-typography1-line-height);\">APPARTEMENTS<\/h3><span class=\"awb-title-spacer\"><\/span><div class=\"title-sep-container title-sep-container-right\"><div class=\"title-sep sep- sep-solid\" style=\"border-color:var(--awb-color3);\"><\/div><\/div><\/div><div class=\"fusion-separator\" style=\"align-self: center;margin-left: auto;margin-right: auto;margin-top:0px;margin-bottom:20px;width:100%;max-width:50px;\"><div class=\"fusion-separator-border sep-single sep-solid\" style=\"--awb-height:20px;--awb-amount:20px;--awb-sep-color:var(--awb-color4);border-color:var(--awb-color4);border-top-width:1px;\"><\/div><\/div><div class=\"fusion-text fusion-text-1\" style=\"--awb-font-size:var(--awb-typography4-font-size);--awb-line-height:1.55;--awb-letter-spacing:var(--awb-typography4-letter-spacing);--awb-text-transform:var(--awb-typography4-text-transform);--awb-text-font-family:var(--awb-typography4-font-family);--awb-text-font-weight:var(--awb-typography4-font-weight);--awb-text-font-style:var(--awb-typography4-font-style);\"><p style=\"text-align: center;\"><strong>Les appartements Beverly\u00a0<\/strong>sont situ\u00e9s dans le b\u00e2timent annexe de l&rsquo;h\u00f4tel Beverly Park &amp; Spa (15 m\u00e8tres). Ils disposent de 35 m\u00b2 de s\u00e9jour et d&rsquo;une grande terrasse. Ils se composent d&rsquo;une chambre avec un lit double et d&rsquo;un salon s\u00e9par\u00e9 avec un canap\u00e9-lit. \u00c9quip\u00e9 de la climatisation, du chauffage, d&rsquo;une connexion Wi-Fi gratuite, d&rsquo;une kitchenette avec r\u00e9frig\u00e9rateur, vitroc\u00e9ramique, micro-ondes et ustensiles de cuisine de base. Salle de bain compl\u00e8te avec s\u00e8che-cheveux.<\/p>\n<\/div><\/div><\/div><div class=\"fusion-layout-column fusion_builder_column fusion-builder-column-1 fusion_builder_column_2_3 2_3 fusion-flex-column fusion-flex-align-self-flex-start fusion-column-no-min-height\" style=\"--awb-bg-blend:overlay;--awb-bg-size:cover;--awb-width-large:66.666666666667%;--awb-margin-top-large:0px;--awb-spacing-right-large:2.88%;--awb-margin-bottom-large:0px;--awb-spacing-left-large:3.84%;--awb-width-medium:100%;--awb-spacing-right-medium:1.92%;--awb-spacing-left-medium:1.92%;--awb-width-small:100%;--awb-spacing-right-small:1.92%;--awb-spacing-left-small:1.92%;\"><div class=\"fusion-column-wrapper fusion-flex-justify-content-flex-start fusion-content-layout-column\"><div class=\"fusion-image-element \" style=\"text-align:center;--awb-liftup-border-radius:0px;--awb-margin-bottom:32px;--awb-caption-title-font-family:var(--h2_typography-font-family);--awb-caption-title-font-weight:var(--h2_typography-font-weight);--awb-caption-title-font-style:var(--h2_typography-font-style);--awb-caption-title-size:var(--h2_typography-font-size);--awb-caption-title-transform:var(--h2_typography-text-transform);--awb-caption-title-line-height:var(--h2_typography-line-height);--awb-caption-title-letter-spacing:var(--h2_typography-letter-spacing);\"><div class=\"awb-image-frame awb-image-frame-1 imageframe-liftup\"><span class=\" fusion-imageframe imageframe-dropshadow imageframe-1\" style=\"border:13px solid hsla(var(--awb-color8-h),var(--awb-color8-s),calc( var(--awb-color8-l) + 87% ),var(--awb-color8-a));-webkit-box-shadow: 3px 3px 7px var(--awb-color3);box-shadow: 3px 3px 7px var(--awb-color3);\"><a class=\"fusion-no-lightbox\" href=\"https:\/\/www.hotelbeverlyparkblanes.com\/fr\/beverlly-park-apartments\/\" target=\"_self\" aria-label=\"FAMILIARS-ANEXE-BEVERLY-1\"><img decoding=\"async\" width=\"1000\" height=\"667\" alt=\"hotel beverly park \" src=\"https:\/\/www.hotelbeverlyparkblanes.com\/wp-content\/uploads\/2022\/12\/FAMILIARS-ANEXE-BEVERLY-1-1.jpg\" data-orig-src=\"https:\/\/www.hotelbeverlyparkblanes.com\/wp-content\/uploads\/2022\/12\/FAMILIARS-ANEXE-BEVERLY-1-1.jpg\" class=\"lazyload img-responsive wp-image-3355\" srcset=\"data:image\/svg+xml,%3Csvg%20xmlns%3D%27http%3A%2F%2Fwww.w3.org%2F2000%2Fsvg%27%20width%3D%271000%27%20height%3D%27667%27%20viewBox%3D%270%200%201000%20667%27%3E%3Crect%20width%3D%271000%27%20height%3D%27667%27%20fill-opacity%3D%220%22%2F%3E%3C%2Fsvg%3E\" data-srcset=\"https:\/\/www.hotelbeverlyparkblanes.com\/wp-content\/uploads\/2022\/12\/FAMILIARS-ANEXE-BEVERLY-1-1-200x133.jpg 200w, https:\/\/www.hotelbeverlyparkblanes.com\/wp-content\/uploads\/2022\/12\/FAMILIARS-ANEXE-BEVERLY-1-1-400x267.jpg 400w, https:\/\/www.hotelbeverlyparkblanes.com\/wp-content\/uploads\/2022\/12\/FAMILIARS-ANEXE-BEVERLY-1-1-600x400.jpg 600w, https:\/\/www.hotelbeverlyparkblanes.com\/wp-content\/uploads\/2022\/12\/FAMILIARS-ANEXE-BEVERLY-1-1-800x534.jpg 800w, https:\/\/www.hotelbeverlyparkblanes.com\/wp-content\/uploads\/2022\/12\/FAMILIARS-ANEXE-BEVERLY-1-1.jpg 1000w\" data-sizes=\"auto\" data-orig-sizes=\"(max-width: 1024px) 100vw, (max-width: 640px) 100vw, 800px\" \/><\/a><\/span><\/div><\/div><\/div><\/div><\/div><\/div><div class=\"fusion-fullwidth fullwidth-box fusion-builder-row-2 fusion-flex-container has-pattern-background has-mask-background nonhundred-percent-fullwidth non-hundred-percent-height-scrolling\" style=\"--awb-border-radius-top-left:0px;--awb-border-radius-top-right:0px;--awb-border-radius-bottom-right:0px;--awb-border-radius-bottom-left:0px;--awb-flex-wrap:wrap;\" ><div class=\"fusion-builder-row fusion-row fusion-flex-align-items-flex-start fusion-flex-content-wrap\" style=\"max-width:1248px;margin-left: calc(-4% \/ 2 );margin-right: calc(-4% \/ 2 );\"><div class=\"fusion-layout-column fusion_builder_column fusion-builder-column-2 fusion_builder_column_1_3 1_3 fusion-flex-column\" style=\"--awb-bg-size:cover;--awb-width-large:33.333333333333%;--awb-margin-top-large:0px;--awb-spacing-right-large:5.76%;--awb-margin-bottom-large:20px;--awb-spacing-left-large:5.76%;--awb-width-medium:100%;--awb-order-medium:0;--awb-spacing-right-medium:1.92%;--awb-spacing-left-medium:1.92%;--awb-width-small:100%;--awb-order-small:0;--awb-spacing-right-small:1.92%;--awb-spacing-left-small:1.92%;\"><div class=\"fusion-column-wrapper fusion-column-has-shadow fusion-flex-justify-content-flex-start fusion-content-layout-column\"><div class=\"fusion-image-element \" style=\"--awb-caption-title-font-family:var(--h2_typography-font-family);--awb-caption-title-font-weight:var(--h2_typography-font-weight);--awb-caption-title-font-style:var(--h2_typography-font-style);--awb-caption-title-size:var(--h2_typography-font-size);--awb-caption-title-transform:var(--h2_typography-text-transform);--awb-caption-title-line-height:var(--h2_typography-line-height);--awb-caption-title-letter-spacing:var(--h2_typography-letter-spacing);\"><span class=\" fusion-imageframe imageframe-none imageframe-2 hover-type-none\"><img decoding=\"async\" width=\"1800\" height=\"1200\" alt=\"hotel beverly park \" title=\"FAMILIARS ANEXE BEVERLY 2\" src=\"https:\/\/www.hotelbeverlyparkblanes.com\/wp-content\/uploads\/2022\/12\/FAMILIARS-ANEXE-BEVERLY-2.jpg\" data-orig-src=\"https:\/\/www.hotelbeverlyparkblanes.com\/wp-content\/uploads\/2022\/12\/FAMILIARS-ANEXE-BEVERLY-2.jpg\" class=\"lazyload img-responsive wp-image-3349\" srcset=\"data:image\/svg+xml,%3Csvg%20xmlns%3D%27http%3A%2F%2Fwww.w3.org%2F2000%2Fsvg%27%20width%3D%271800%27%20height%3D%271200%27%20viewBox%3D%270%200%201800%201200%27%3E%3Crect%20width%3D%271800%27%20height%3D%271200%27%20fill-opacity%3D%220%22%2F%3E%3C%2Fsvg%3E\" data-srcset=\"https:\/\/www.hotelbeverlyparkblanes.com\/wp-content\/uploads\/2022\/12\/FAMILIARS-ANEXE-BEVERLY-2-200x133.jpg 200w, https:\/\/www.hotelbeverlyparkblanes.com\/wp-content\/uploads\/2022\/12\/FAMILIARS-ANEXE-BEVERLY-2-400x267.jpg 400w, https:\/\/www.hotelbeverlyparkblanes.com\/wp-content\/uploads\/2022\/12\/FAMILIARS-ANEXE-BEVERLY-2-600x400.jpg 600w, https:\/\/www.hotelbeverlyparkblanes.com\/wp-content\/uploads\/2022\/12\/FAMILIARS-ANEXE-BEVERLY-2-800x533.jpg 800w, https:\/\/www.hotelbeverlyparkblanes.com\/wp-content\/uploads\/2022\/12\/FAMILIARS-ANEXE-BEVERLY-2-1200x800.jpg 1200w, https:\/\/www.hotelbeverlyparkblanes.com\/wp-content\/uploads\/2022\/12\/FAMILIARS-ANEXE-BEVERLY-2.jpg 1800w\" data-sizes=\"auto\" data-orig-sizes=\"(max-width: 1024px) 100vw, (max-width: 640px) 100vw, 400px\" \/><\/span><\/div><\/div><\/div><div class=\"fusion-layout-column fusion_builder_column fusion-builder-column-3 fusion_builder_column_1_3 1_3 fusion-flex-column\" style=\"--awb-bg-size:cover;--awb-width-large:33.333333333333%;--awb-margin-top-large:0px;--awb-spacing-right-large:5.76%;--awb-margin-bottom-large:20px;--awb-spacing-left-large:5.76%;--awb-width-medium:100%;--awb-order-medium:0;--awb-spacing-right-medium:1.92%;--awb-spacing-left-medium:1.92%;--awb-width-small:100%;--awb-order-small:0;--awb-spacing-right-small:1.92%;--awb-spacing-left-small:1.92%;\"><div class=\"fusion-column-wrapper fusion-column-has-shadow fusion-flex-justify-content-flex-start fusion-content-layout-column\"><div class=\"fusion-image-element \" style=\"--awb-caption-title-font-family:var(--h2_typography-font-family);--awb-caption-title-font-weight:var(--h2_typography-font-weight);--awb-caption-title-font-style:var(--h2_typography-font-style);--awb-caption-title-size:var(--h2_typography-font-size);--awb-caption-title-transform:var(--h2_typography-text-transform);--awb-caption-title-line-height:var(--h2_typography-line-height);--awb-caption-title-letter-spacing:var(--h2_typography-letter-spacing);\"><span class=\" fusion-imageframe imageframe-none imageframe-3 hover-type-none\"><img decoding=\"async\" width=\"1800\" height=\"1200\" alt=\"hotel beverly park \" title=\"FAMILIARS ANEXE BEVERLY WC\" src=\"https:\/\/www.hotelbeverlyparkblanes.com\/wp-content\/uploads\/2022\/12\/FAMILIARS-ANEXE-BEVERLY-WC.jpg\" data-orig-src=\"https:\/\/www.hotelbeverlyparkblanes.com\/wp-content\/uploads\/2022\/12\/FAMILIARS-ANEXE-BEVERLY-WC.jpg\" class=\"lazyload img-responsive wp-image-3352\" srcset=\"data:image\/svg+xml,%3Csvg%20xmlns%3D%27http%3A%2F%2Fwww.w3.org%2F2000%2Fsvg%27%20width%3D%271800%27%20height%3D%271200%27%20viewBox%3D%270%200%201800%201200%27%3E%3Crect%20width%3D%271800%27%20height%3D%271200%27%20fill-opacity%3D%220%22%2F%3E%3C%2Fsvg%3E\" data-srcset=\"https:\/\/www.hotelbeverlyparkblanes.com\/wp-content\/uploads\/2022\/12\/FAMILIARS-ANEXE-BEVERLY-WC-200x133.jpg 200w, https:\/\/www.hotelbeverlyparkblanes.com\/wp-content\/uploads\/2022\/12\/FAMILIARS-ANEXE-BEVERLY-WC-400x267.jpg 400w, https:\/\/www.hotelbeverlyparkblanes.com\/wp-content\/uploads\/2022\/12\/FAMILIARS-ANEXE-BEVERLY-WC-600x400.jpg 600w, https:\/\/www.hotelbeverlyparkblanes.com\/wp-content\/uploads\/2022\/12\/FAMILIARS-ANEXE-BEVERLY-WC-800x533.jpg 800w, https:\/\/www.hotelbeverlyparkblanes.com\/wp-content\/uploads\/2022\/12\/FAMILIARS-ANEXE-BEVERLY-WC-1200x800.jpg 1200w, https:\/\/www.hotelbeverlyparkblanes.com\/wp-content\/uploads\/2022\/12\/FAMILIARS-ANEXE-BEVERLY-WC.jpg 1800w\" data-sizes=\"auto\" data-orig-sizes=\"(max-width: 1024px) 100vw, (max-width: 640px) 100vw, 400px\" \/><\/span><\/div><\/div><\/div><div class=\"fusion-layout-column fusion_builder_column fusion-builder-column-4 fusion_builder_column_1_3 1_3 fusion-flex-column\" style=\"--awb-bg-size:cover;--awb-width-large:33.333333333333%;--awb-margin-top-large:0px;--awb-spacing-right-large:5.76%;--awb-margin-bottom-large:20px;--awb-spacing-left-large:5.76%;--awb-width-medium:100%;--awb-order-medium:0;--awb-spacing-right-medium:1.92%;--awb-spacing-left-medium:1.92%;--awb-width-small:100%;--awb-order-small:0;--awb-spacing-right-small:1.92%;--awb-spacing-left-small:1.92%;\"><div class=\"fusion-column-wrapper fusion-column-has-shadow fusion-flex-justify-content-flex-start fusion-content-layout-column\"><div class=\"fusion-image-element \" style=\"--awb-caption-title-font-family:var(--h2_typography-font-family);--awb-caption-title-font-weight:var(--h2_typography-font-weight);--awb-caption-title-font-style:var(--h2_typography-font-style);--awb-caption-title-size:var(--h2_typography-font-size);--awb-caption-title-transform:var(--h2_typography-text-transform);--awb-caption-title-line-height:var(--h2_typography-line-height);--awb-caption-title-letter-spacing:var(--h2_typography-letter-spacing);\"><span class=\" fusion-imageframe imageframe-none imageframe-4 hover-type-none\"><img decoding=\"async\" width=\"1800\" height=\"1200\" alt=\"hotel beverly park \" title=\"FAMILIARS ANEXE BEVERLY 1\" src=\"https:\/\/www.hotelbeverlyparkblanes.com\/wp-content\/uploads\/2022\/12\/FAMILIARS-ANEXE-BEVERLY-1.jpg\" data-orig-src=\"https:\/\/www.hotelbeverlyparkblanes.com\/wp-content\/uploads\/2022\/12\/FAMILIARS-ANEXE-BEVERLY-1.jpg\" class=\"lazyload img-responsive wp-image-3346\" srcset=\"data:image\/svg+xml,%3Csvg%20xmlns%3D%27http%3A%2F%2Fwww.w3.org%2F2000%2Fsvg%27%20width%3D%271800%27%20height%3D%271200%27%20viewBox%3D%270%200%201800%201200%27%3E%3Crect%20width%3D%271800%27%20height%3D%271200%27%20fill-opacity%3D%220%22%2F%3E%3C%2Fsvg%3E\" data-srcset=\"https:\/\/www.hotelbeverlyparkblanes.com\/wp-content\/uploads\/2022\/12\/FAMILIARS-ANEXE-BEVERLY-1-200x133.jpg 200w, https:\/\/www.hotelbeverlyparkblanes.com\/wp-content\/uploads\/2022\/12\/FAMILIARS-ANEXE-BEVERLY-1-400x267.jpg 400w, https:\/\/www.hotelbeverlyparkblanes.com\/wp-content\/uploads\/2022\/12\/FAMILIARS-ANEXE-BEVERLY-1-600x400.jpg 600w, https:\/\/www.hotelbeverlyparkblanes.com\/wp-content\/uploads\/2022\/12\/FAMILIARS-ANEXE-BEVERLY-1-800x533.jpg 800w, https:\/\/www.hotelbeverlyparkblanes.com\/wp-content\/uploads\/2022\/12\/FAMILIARS-ANEXE-BEVERLY-1-1200x800.jpg 1200w, https:\/\/www.hotelbeverlyparkblanes.com\/wp-content\/uploads\/2022\/12\/FAMILIARS-ANEXE-BEVERLY-1.jpg 1800w\" data-sizes=\"auto\" data-orig-sizes=\"(max-width: 1024px) 100vw, (max-width: 640px) 100vw, 400px\" \/><\/span><\/div><\/div><\/div><\/div><\/div><\/p>\n","protected":false},"excerpt":{"rendered":"","protected":false},"author":1,"featured_media":0,"parent":0,"menu_order":0,"comment_status":"closed","ping_status":"closed","template":"100-width.php","meta":{"footnotes":""},"class_list":["post-4150","page","type-page","status-publish","hentry"],"yoast_head":"<!-- This site is optimized with the Yoast SEO plugin v26.9 - https:\/\/yoast.com\/product\/yoast-seo-wordpress\/ -->\n<title>Beverly Park Appartements - Hotel &amp; Spa Beverly Park<\/title>\n<meta name=\"description\" content=\"Appartements avec un confort total \u00e0 l&#039;H\u00f4tel Beverly Park Blanes. Profitez de notre spa et de nos services.\" \/>\n<meta name=\"robots\" content=\"index, follow, max-snippet:-1, max-image-preview:large, max-video-preview:-1\" \/>\n<link rel=\"canonical\" href=\"https:\/\/www.hotelbeverlyparkblanes.com\/fr\/beverly-park-appartements\/\" \/>\n<meta property=\"og:locale\" content=\"fr_FR\" \/>\n<meta property=\"og:type\" content=\"article\" \/>\n<meta property=\"og:title\" content=\"Beverly Park Appartements - Hotel &amp; Spa Beverly Park\" \/>\n<meta property=\"og:description\" content=\"Appartements avec un confort total \u00e0 l&#039;H\u00f4tel Beverly Park Blanes. Profitez de notre spa et de nos services.\" \/>\n<meta property=\"og:url\" content=\"https:\/\/www.hotelbeverlyparkblanes.com\/fr\/beverly-park-appartements\/\" \/>\n<meta property=\"og:site_name\" content=\"Hotel &amp; Spa Beverly Park\" \/>\n<meta property=\"article:modified_time\" content=\"2023-10-04T17:50:10+00:00\" \/>\n<meta name=\"twitter:card\" content=\"summary_large_image\" \/>\n<meta name=\"twitter:label1\" content=\"Dur\u00e9e de lecture estim\u00e9e\" \/>\n\t<meta name=\"twitter:data1\" content=\"7 minutes\" \/>\n<script type=\"application\/ld+json\" class=\"yoast-schema-graph\">{\"@context\":\"https:\/\/schema.org\",\"@graph\":[{\"@type\":\"WebPage\",\"@id\":\"https:\/\/www.hotelbeverlyparkblanes.com\/fr\/beverly-park-appartements\/\",\"url\":\"https:\/\/www.hotelbeverlyparkblanes.com\/fr\/beverly-park-appartements\/\",\"name\":\"Beverly Park Appartements - Hotel &amp; Spa Beverly Park\",\"isPartOf\":{\"@id\":\"https:\/\/www.hotelbeverlyparkblanes.com\/fr\/#website\"},\"datePublished\":\"2023-02-12T15:37:32+00:00\",\"dateModified\":\"2023-10-04T17:50:10+00:00\",\"description\":\"Appartements avec un confort total \u00e0 l'H\u00f4tel Beverly Park Blanes. Profitez de notre spa et de nos services.\",\"breadcrumb\":{\"@id\":\"https:\/\/www.hotelbeverlyparkblanes.com\/fr\/beverly-park-appartements\/#breadcrumb\"},\"inLanguage\":\"fr-FR\",\"potentialAction\":[{\"@type\":\"ReadAction\",\"target\":[\"https:\/\/www.hotelbeverlyparkblanes.com\/fr\/beverly-park-appartements\/\"]}]},{\"@type\":\"BreadcrumbList\",\"@id\":\"https:\/\/www.hotelbeverlyparkblanes.com\/fr\/beverly-park-appartements\/#breadcrumb\",\"itemListElement\":[{\"@type\":\"ListItem\",\"position\":1,\"name\":\"Portada\",\"item\":\"https:\/\/www.hotelbeverlyparkblanes.com\/fr\/\"},{\"@type\":\"ListItem\",\"position\":2,\"name\":\"Beverly Park Appartements\"}]},{\"@type\":\"WebSite\",\"@id\":\"https:\/\/www.hotelbeverlyparkblanes.com\/fr\/#website\",\"url\":\"https:\/\/www.hotelbeverlyparkblanes.com\/fr\/\",\"name\":\"Hotel &amp; Spa Beverly Park\",\"description\":\"Hotel &amp; Spa Blanes\",\"publisher\":{\"@id\":\"https:\/\/www.hotelbeverlyparkblanes.com\/fr\/#organization\"},\"potentialAction\":[{\"@type\":\"SearchAction\",\"target\":{\"@type\":\"EntryPoint\",\"urlTemplate\":\"https:\/\/www.hotelbeverlyparkblanes.com\/fr\/?s={search_term_string}\"},\"query-input\":{\"@type\":\"PropertyValueSpecification\",\"valueRequired\":true,\"valueName\":\"search_term_string\"}}],\"inLanguage\":\"fr-FR\"},{\"@type\":\"Organization\",\"@id\":\"https:\/\/www.hotelbeverlyparkblanes.com\/fr\/#organization\",\"name\":\"Hotel &amp; Spa Beverly Park\",\"url\":\"https:\/\/www.hotelbeverlyparkblanes.com\/fr\/\",\"logo\":{\"@type\":\"ImageObject\",\"inLanguage\":\"fr-FR\",\"@id\":\"https:\/\/www.hotelbeverlyparkblanes.com\/fr\/#\/schema\/logo\/image\/\",\"url\":\"https:\/\/www.hotelbeverlyparkblanes.com\/wp-content\/uploads\/2022\/12\/logo-beverly-6.png\",\"contentUrl\":\"https:\/\/www.hotelbeverlyparkblanes.com\/wp-content\/uploads\/2022\/12\/logo-beverly-6.png\",\"width\":120,\"height\":41,\"caption\":\"Hotel &amp; Spa Beverly Park\"},\"image\":{\"@id\":\"https:\/\/www.hotelbeverlyparkblanes.com\/fr\/#\/schema\/logo\/image\/\"}}]}<\/script>\n<!-- \/ Yoast SEO plugin. -->","yoast_head_json":{"title":"Beverly Park Appartements - Hotel &amp; Spa Beverly Park","description":"Appartements avec un confort total \u00e0 l'H\u00f4tel Beverly Park Blanes. Profitez de notre spa et de nos services.","robots":{"index":"index","follow":"follow","max-snippet":"max-snippet:-1","max-image-preview":"max-image-preview:large","max-video-preview":"max-video-preview:-1"},"canonical":"https:\/\/www.hotelbeverlyparkblanes.com\/fr\/beverly-park-appartements\/","og_locale":"fr_FR","og_type":"article","og_title":"Beverly Park Appartements - Hotel &amp; Spa Beverly Park","og_description":"Appartements avec un confort total \u00e0 l'H\u00f4tel Beverly Park Blanes. Profitez de notre spa et de nos services.","og_url":"https:\/\/www.hotelbeverlyparkblanes.com\/fr\/beverly-park-appartements\/","og_site_name":"Hotel &amp; Spa Beverly Park","article_modified_time":"2023-10-04T17:50:10+00:00","twitter_card":"summary_large_image","twitter_misc":{"Dur\u00e9e de lecture estim\u00e9e":"7 minutes"},"schema":{"@context":"https:\/\/schema.org","@graph":[{"@type":"WebPage","@id":"https:\/\/www.hotelbeverlyparkblanes.com\/fr\/beverly-park-appartements\/","url":"https:\/\/www.hotelbeverlyparkblanes.com\/fr\/beverly-park-appartements\/","name":"Beverly Park Appartements - Hotel &amp; Spa Beverly Park","isPartOf":{"@id":"https:\/\/www.hotelbeverlyparkblanes.com\/fr\/#website"},"datePublished":"2023-02-12T15:37:32+00:00","dateModified":"2023-10-04T17:50:10+00:00","description":"Appartements avec un confort total \u00e0 l'H\u00f4tel Beverly Park Blanes. Profitez de notre spa et de nos services.","breadcrumb":{"@id":"https:\/\/www.hotelbeverlyparkblanes.com\/fr\/beverly-park-appartements\/#breadcrumb"},"inLanguage":"fr-FR","potentialAction":[{"@type":"ReadAction","target":["https:\/\/www.hotelbeverlyparkblanes.com\/fr\/beverly-park-appartements\/"]}]},{"@type":"BreadcrumbList","@id":"https:\/\/www.hotelbeverlyparkblanes.com\/fr\/beverly-park-appartements\/#breadcrumb","itemListElement":[{"@type":"ListItem","position":1,"name":"Portada","item":"https:\/\/www.hotelbeverlyparkblanes.com\/fr\/"},{"@type":"ListItem","position":2,"name":"Beverly Park Appartements"}]},{"@type":"WebSite","@id":"https:\/\/www.hotelbeverlyparkblanes.com\/fr\/#website","url":"https:\/\/www.hotelbeverlyparkblanes.com\/fr\/","name":"Hotel &amp; Spa Beverly Park","description":"Hotel &amp; Spa Blanes","publisher":{"@id":"https:\/\/www.hotelbeverlyparkblanes.com\/fr\/#organization"},"potentialAction":[{"@type":"SearchAction","target":{"@type":"EntryPoint","urlTemplate":"https:\/\/www.hotelbeverlyparkblanes.com\/fr\/?s={search_term_string}"},"query-input":{"@type":"PropertyValueSpecification","valueRequired":true,"valueName":"search_term_string"}}],"inLanguage":"fr-FR"},{"@type":"Organization","@id":"https:\/\/www.hotelbeverlyparkblanes.com\/fr\/#organization","name":"Hotel &amp; Spa Beverly Park","url":"https:\/\/www.hotelbeverlyparkblanes.com\/fr\/","logo":{"@type":"ImageObject","inLanguage":"fr-FR","@id":"https:\/\/www.hotelbeverlyparkblanes.com\/fr\/#\/schema\/logo\/image\/","url":"https:\/\/www.hotelbeverlyparkblanes.com\/wp-content\/uploads\/2022\/12\/logo-beverly-6.png","contentUrl":"https:\/\/www.hotelbeverlyparkblanes.com\/wp-content\/uploads\/2022\/12\/logo-beverly-6.png","width":120,"height":41,"caption":"Hotel &amp; Spa Beverly Park"},"image":{"@id":"https:\/\/www.hotelbeverlyparkblanes.com\/fr\/#\/schema\/logo\/image\/"}}]}},"_links":{"self":[{"href":"https:\/\/www.hotelbeverlyparkblanes.com\/fr\/wp-json\/wp\/v2\/pages\/4150","targetHints":{"allow":["GET"]}}],"collection":[{"href":"https:\/\/www.hotelbeverlyparkblanes.com\/fr\/wp-json\/wp\/v2\/pages"}],"about":[{"href":"https:\/\/www.hotelbeverlyparkblanes.com\/fr\/wp-json\/wp\/v2\/types\/page"}],"author":[{"embeddable":true,"href":"https:\/\/www.hotelbeverlyparkblanes.com\/fr\/wp-json\/wp\/v2\/users\/1"}],"replies":[{"embeddable":true,"href":"https:\/\/www.hotelbeverlyparkblanes.com\/fr\/wp-json\/wp\/v2\/comments?post=4150"}],"version-history":[{"count":0,"href":"https:\/\/www.hotelbeverlyparkblanes.com\/fr\/wp-json\/wp\/v2\/pages\/4150\/revisions"}],"wp:attachment":[{"href":"https:\/\/www.hotelbeverlyparkblanes.com\/fr\/wp-json\/wp\/v2\/media?parent=4150"}],"curies":[{"name":"wp","href":"https:\/\/api.w.org\/{rel}","templated":true}]}}